{"id":400,"date":"2025-05-14T01:34:50","date_gmt":"2025-05-14T01:34:50","guid":{"rendered":"https:\/\/hermosakatrina.com\/?page_id=400"},"modified":"2025-06-08T15:27:54","modified_gmt":"2025-06-08T15:27:54","slug":"promociones","status":"publish","type":"page","link":"https:\/\/hermosakatrina.com\/?page_id=400","title":{"rendered":"PROMOCION DEL DIA"},"content":{"rendered":"\n<div class=\"wp-block-group has-mono-1-background-color has-background is-layout-flow wp-container-core-group-is-layout-ce397403 wp-block-group-is-layout-flow\" style=\"margin-top:0;margin-bottom:0;padding-top:0;padding-right:0;padding-bottom:0;padding-left:0\">\n<div class=\"wp-block-cover is-light\" style=\"padding-top:var(--wp--preset--spacing--superbspacing-xlarge);padding-right:0;padding-bottom:var(--wp--preset--spacing--superbspacing-xlarge);padding-left:0;min-height:50px;aspect-ratio:unset;\"><video class=\"wp-block-cover__video-background intrinsic-ignore\" autoplay muted loop playsinline src=\"https:\/\/hermosakatrina.com\/wp-content\/uploads\/2025\/05\/123.mp4\" data-object-fit=\"cover\"><\/video><span aria-hidden=\"true\" class=\"wp-block-cover__background has-background-dim-40 has-background-dim\" style=\"background-color:#FFF\"><\/span><div class=\"wp-block-cover__inner-container is-layout-flow wp-block-cover-is-layout-flow\">\n<div class=\"wp-block-group has-global-padding is-layout-constrained wp-container-core-group-is-layout-27ec71c5 wp-block-group-is-layout-constrained\" style=\"padding-top:0;padding-right:var(--wp--preset--spacing--superbspacing-small);padding-bottom:0;padding-left:var(--wp--preset--spacing--superbspacing-small)\">\n<div class=\"wp-block-group has-global-padding is-content-justification-center is-layout-constrained wp-container-core-group-is-layout-32b5ec3b wp-block-group-is-layout-constrained\" style=\"margin-top:0;margin-bottom:0\">\n<h1 class=\"wp-block-heading has-text-align-center has-text-color has-superbfont-xxlarge-font-size\" style=\"color:#fdfdfd;font-style:normal;font-weight:400\">VEN TOMATE UN CAFE CONMIGO<\/h1>\n\n\n\n<p class=\"has-text-align-center has-text-color has-superbfont-small-font-size\" style=\"color:#fdfdfd;margin-bottom:var(--wp--preset--spacing--superbspacing-small)\">Ven conoce el mejor cafe de Popotla<\/p>\n\n\n\n<div class=\"wp-block-buttons is-content-justification-center is-layout-flex wp-container-core-buttons-is-layout-a89b3969 wp-block-buttons-is-layout-flex\">\n<div class=\"wp-block-button is-style-outline is-style-outline--1\"><a class=\"wp-block-button__link has-contrast-light-color has-text-color has-link-color has-border-color has-contrast-light-border-color wp-element-button\" style=\"border-width:1px\">ABIERTO DE 8am A 6PM<\/a><\/div>\n\n\n\n<div class=\"wp-block-button\"><a class=\"wp-block-button__link wp-element-button\" href=\"https:\/\/maps.app.goo.gl\/gBHr8tK7pNvWmwmv7\">Find us on Google Maps<\/a><\/div>\n<\/div>\n<\/div>\n<\/div>\n<\/div><\/div>\n<\/div>\n\n\n\n<div class=\"wp-block-group alignfull has-mono-4-background-color has-background has-global-padding is-layout-constrained wp-container-core-group-is-layout-129f6e7c wp-block-group-is-layout-constrained\" style=\"margin-top:0;margin-bottom:0;padding-top:var(--wp--preset--spacing--superbspacing-large);padding-right:var(--wp--preset--spacing--superbspacing-small);padding-bottom:var(--wp--preset--spacing--superbspacing-large);padding-left:var(--wp--preset--spacing--superbspacing-small)\">\n<div class=\"wp-block-columns alignwide is-layout-flex wp-container-core-columns-is-layout-25593187 wp-block-columns-is-layout-flex\">\n<div class=\"wp-block-column is-vertically-aligned-center is-layout-flow wp-container-core-column-is-layout-a1628350 wp-block-column-is-layout-flow\" style=\"padding-top:0;padding-right:0;padding-bottom:0;padding-left:0\">\n<div class=\"wp-block-group is-layout-flow wp-container-core-group-is-layout-ff697075 wp-block-group-is-layout-flow\">\n<h3 class=\"wp-block-heading has-text-align-left has-superbfont-xlarge-font-size\" style=\"line-height:1.2\">POR EL DIA DEL PADRE<\/h3>\n\n\n\n<p class=\"has-mono-2-color has-text-color has-link-color wp-elements-b5e0a8ecb9f119ce60d17863158be554\">Ven compra dos<strong><em>  Coffee<\/em><\/strong> y solo paga uno<\/p>\n\n\n\n<p class=\"has-mono-2-color has-text-color has-link-color wp-elements-83de0c72f33dcce907bc901f9f0dfb86\">Para este d\u00eda en el que se les recuerda lo importante que son a aquellos que tienen hijos ven y disfruta con nosotros un rico caf\u00e9 junto a tus hijos, a la compra del caf\u00e9 al padre ser\u00e1 por parte de la casa<\/p>\n<\/div>\n\n\n\n<div class=\"wp-block-buttons is-layout-flex wp-container-core-buttons-is-layout-69f3c5ca wp-block-buttons-is-layout-flex\">\n<div class=\"wp-block-button is-style-outline is-style-outline--2\"><a class=\"wp-block-button__link has-superbfont-small-font-size has-custom-font-size wp-element-button\" style=\"padding-top:var(--wp--preset--spacing--superbspacing-xsmall);padding-right:var(--wp--preset--spacing--superbspacing-xsmall);padding-bottom:var(--wp--preset--spacing--superbspacing-xsmall);padding-left:var(--wp--preset--spacing--superbspacing-xsmall)\">(+52) 661 140 9947  Llamanos<\/a><\/div>\n<\/div>\n<\/div>\n\n\n\n<div class=\"wp-block-column is-vertically-aligned-center is-layout-flow wp-container-core-column-is-layout-40a2a7e8 wp-block-column-is-layout-flow\" style=\"padding-right:0;padding-bottom:0;padding-left:0\">\n<figure class=\"wp-block-image size-full\"><img fetchpriority=\"high\" decoding=\"async\" width=\"1200\" height=\"1500\" src=\"https:\/\/hermosakatrina.com\/wp-content\/uploads\/2025\/06\/WhatsApp-Image-2025-06-07-at-10.25.03_2d7d54ed.jpg\" alt=\"\" class=\"wp-image-517\"\/><\/figure>\n<\/div>\n<\/div>\n<\/div>\n\n\n\n<div class=\"wp-block-columns is-layout-flex wp-container-core-columns-is-layout-28f84493 wp-block-columns-is-layout-flex\">\n<div class=\"wp-block-column is-layout-flow wp-block-column-is-layout-flow\">\n<figure class=\"wp-block-image size-large\"><img decoding=\"async\" width=\"1200\" height=\"900\" src=\"https:\/\/hermosakatrina.com\/wp-content\/uploads\/2025\/05\/chessecake2-edited.webp\" alt=\"\" class=\"wp-image-413\" srcset=\"https:\/\/hermosakatrina.com\/wp-content\/uploads\/2025\/05\/chessecake2-edited.webp 1200w, https:\/\/hermosakatrina.com\/wp-content\/uploads\/2025\/05\/chessecake2-edited-300x225.webp 300w, https:\/\/hermosakatrina.com\/wp-content\/uploads\/2025\/05\/chessecake2-edited-1024x768.webp 1024w, https:\/\/hermosakatrina.com\/wp-content\/uploads\/2025\/05\/chessecake2-edited-768x576.webp 768w, https:\/\/hermosakatrina.com\/wp-content\/uploads\/2025\/05\/chessecake2-edited-600x450.webp 600w\" sizes=\"(max-width: 1200px) 100vw, 1200px\" \/><\/figure>\n<\/div>\n\n\n\n<div class=\"wp-block-column is-layout-flow wp-block-column-is-layout-flow\">\n<figure class=\"wp-block-image size-large\"><img decoding=\"async\" width=\"1024\" height=\"768\" src=\"https:\/\/hermosakatrina.com\/wp-content\/uploads\/2025\/05\/chocolate-edited-1024x768.jpg\" alt=\"\" class=\"wp-image-412\" srcset=\"https:\/\/hermosakatrina.com\/wp-content\/uploads\/2025\/05\/chocolate-edited-1024x768.jpg 1024w, https:\/\/hermosakatrina.com\/wp-content\/uploads\/2025\/05\/chocolate-edited-300x225.jpg 300w, https:\/\/hermosakatrina.com\/wp-content\/uploads\/2025\/05\/chocolate-edited-768x576.jpg 768w, https:\/\/hermosakatrina.com\/wp-content\/uploads\/2025\/05\/chocolate-edited-600x450.jpg 600w, https:\/\/hermosakatrina.com\/wp-content\/uploads\/2025\/05\/chocolate-edited.jpg 1200w\" sizes=\"(max-width: 1024px) 100vw, 1024px\" \/><\/figure>\n<\/div>\n<\/div>\n\n\n\n<div class=\"wp-block-group alignfull has-global-padding is-layout-constrained wp-container-core-group-is-layout-4aa643fe wp-block-group-is-layout-constrained\" style=\"margin-top:0;margin-bottom:0;padding-top:var(--wp--preset--spacing--superbspacing-large);padding-right:var(--wp--preset--spacing--superbspacing-small);padding-bottom:var(--wp--preset--spacing--superbspacing-large);padding-left:var(--wp--preset--spacing--superbspacing-small)\">\n<div class=\"wp-block-cover alignwide\" style=\"border-radius:0px\"><img loading=\"lazy\" decoding=\"async\" width=\"1024\" height=\"768\" class=\"wp-block-cover__image-background wp-image-416 size-large\" alt=\"\" src=\"https:\/\/hermosakatrina.com\/wp-content\/uploads\/2025\/05\/WhatsApp-Image-2025-05-10-at-18.05.47_2c8358c4-1-1024x768.jpg\" data-object-fit=\"cover\" srcset=\"https:\/\/hermosakatrina.com\/wp-content\/uploads\/2025\/05\/WhatsApp-Image-2025-05-10-at-18.05.47_2c8358c4-1-1024x768.jpg 1024w, https:\/\/hermosakatrina.com\/wp-content\/uploads\/2025\/05\/WhatsApp-Image-2025-05-10-at-18.05.47_2c8358c4-1-300x225.jpg 300w, https:\/\/hermosakatrina.com\/wp-content\/uploads\/2025\/05\/WhatsApp-Image-2025-05-10-at-18.05.47_2c8358c4-1-768x576.jpg 768w, https:\/\/hermosakatrina.com\/wp-content\/uploads\/2025\/05\/WhatsApp-Image-2025-05-10-at-18.05.47_2c8358c4-1-1536x1152.jpg 1536w, https:\/\/hermosakatrina.com\/wp-content\/uploads\/2025\/05\/WhatsApp-Image-2025-05-10-at-18.05.47_2c8358c4-1-1320x990.jpg 1320w, https:\/\/hermosakatrina.com\/wp-content\/uploads\/2025\/05\/WhatsApp-Image-2025-05-10-at-18.05.47_2c8358c4-1-600x450.jpg 600w, https:\/\/hermosakatrina.com\/wp-content\/uploads\/2025\/05\/WhatsApp-Image-2025-05-10-at-18.05.47_2c8358c4-1.jpg 1600w\" sizes=\"(max-width: 1024px) 100vw, 1024px\" \/><span aria-hidden=\"true\" class=\"wp-block-cover__background has-contrast-dark-background-color has-background-dim-40 has-background-dim\"><\/span><div class=\"wp-block-cover__inner-container is-layout-flow wp-block-cover-is-layout-flow\">\n<div class=\"wp-block-group alignwide is-vertical is-content-justification-center is-layout-flex wp-container-core-group-is-layout-bd439ebe wp-block-group-is-layout-flex\" style=\"border-radius:20px;padding-top:var(--wp--preset--spacing--superbspacing-xxlarge);padding-right:var(--wp--preset--spacing--superbspacing-xsmall);padding-bottom:var(--wp--preset--spacing--superbspacing-xxlarge);padding-left:var(--wp--preset--spacing--superbspacing-xsmall)\">\n<div class=\"wp-block-group has-global-padding is-layout-constrained wp-container-core-group-is-layout-85cc789f wp-block-group-is-layout-constrained\">\n<p class=\"has-text-align-center has-base-color has-text-color has-link-color wp-elements-38c7b7a895696d524fe5c0893b4dc27f\" style=\"font-size:clamp(15.747px, 0.984rem + ((1vw - 3.2px) * 0.938), 24px);\">PASTEL &amp; COFFEE<\/p>\n\n\n\n<h1 class=\"wp-block-heading has-text-align-center has-base-color has-text-color has-link-color has-superbfont-xxlarge-font-size wp-elements-de64a905b5438cb0c9a7e715ef07386d\">VEN POR UNO &amp; DI PAR!<\/h1>\n\n\n\n<div class=\"wp-block-group has-global-padding is-layout-constrained wp-container-core-group-is-layout-41c06ba8 wp-block-group-is-layout-constrained\">\n<p class=\"has-text-align-center has-contrast-light-color has-text-color has-superbfont-medium-font-size\">Ven por tu cafe y llevate un rico muffin de acompa\u00f1ante<\/p>\n<\/div>\n<\/div>\n\n\n\n<div class=\"wp-block-buttons wp-container-content-9cfa9a5a is-content-justification-center is-layout-flex wp-container-core-buttons-is-layout-9b2276be wp-block-buttons-is-layout-flex\">\n<div class=\"wp-block-button is-style-outline is-style-outline--3\"><a class=\"wp-block-button__link has-contrast-light-color has-text-color has-link-color has-border-color has-contrast-light-border-color has-superbfont-small-font-size has-custom-font-size wp-element-button\" style=\"border-width:1px\">(+52) 661 104 9947<\/a><\/div>\n\n\n\n<div class=\"wp-block-button is-style-outline is-style-outline--4\"><a class=\"wp-block-button__link has-contrast-dark-color has-contrast-light-background-color has-text-color has-background has-link-color has-superbfont-small-font-size has-custom-font-size wp-element-button\">Contact us<\/a><\/div>\n<\/div>\n<\/div>\n<\/div><\/div>\n<\/div>\n","protected":false},"excerpt":{"rendered":"<p>POR EL DIA DEL PADRE Ven compra dos Coffee y solo paga uno Para este d\u00eda en el que se les recuerda lo importante que son a aquellos que tienen hijos ven y disfruta con nosotros un rico caf\u00e9 junto a tus hijos, a la compra del caf\u00e9 al padre ser\u00e1 por parte de la [&hellip;]<\/p>\n","protected":false},"author":1,"featured_media":0,"parent":0,"menu_order":0,"comment_status":"closed","ping_status":"closed","template":"","meta":{"footnotes":""},"class_list":["post-400","page","type-page","status-publish","hentry"],"brizy_media":[],"_links":{"self":[{"href":"https:\/\/hermosakatrina.com\/index.php?rest_route=\/wp\/v2\/pages\/400","targetHints":{"allow":["GET"]}}],"collection":[{"href":"https:\/\/hermosakatrina.com\/index.php?rest_route=\/wp\/v2\/pages"}],"about":[{"href":"https:\/\/hermosakatrina.com\/index.php?rest_route=\/wp\/v2\/types\/page"}],"author":[{"embeddable":true,"href":"https:\/\/hermosakatrina.com\/index.php?rest_route=\/wp\/v2\/users\/1"}],"replies":[{"embeddable":true,"href":"https:\/\/hermosakatrina.com\/index.php?rest_route=%2Fwp%2Fv2%2Fcomments&post=400"}],"version-history":[{"count":5,"href":"https:\/\/hermosakatrina.com\/index.php?rest_route=\/wp\/v2\/pages\/400\/revisions"}],"predecessor-version":[{"id":520,"href":"https:\/\/hermosakatrina.com\/index.php?rest_route=\/wp\/v2\/pages\/400\/revisions\/520"}],"wp:attachment":[{"href":"https:\/\/hermosakatrina.com\/index.php?rest_route=%2Fwp%2Fv2%2Fmedia&parent=400"}],"curies":[{"name":"wp","href":"https:\/\/api.w.org\/{rel}","templated":true}]}}